{"id":53,"date":"2014-07-20T15:50:34","date_gmt":"2014-07-20T15:50:34","guid":{"rendered":"http:\/\/2pc.cl\/plantilla_2\/?page_id=53"},"modified":"2025-02-06T11:01:32","modified_gmt":"2025-02-06T15:01:32","slug":"concejales","status":"publish","type":"page","link":"https:\/\/portal.mph.cl\/?page_id=53","title":{"rendered":"Concejalas y Concejales #PADREHURTADO"},"content":{"rendered":"<p>&nbsp;<\/p>\n<p style=\"text-align: center;\"><strong>Secretar\u00eda de Concejalas y Concejales : Camila Osorio Contreras \/ cosorioc@mph.cl \/ Oficina: 224306060<\/strong><\/p>\n<p>&nbsp;<\/p>\n<p style=\"text-align: center;\"><em><strong>CONCEJALES I. MUNICIPALIDAD DE PADRE HURTADO<\/strong><\/em><\/p>\n<p>&nbsp;<\/p>\n<p><img loading=\"lazy\" decoding=\"async\" class=\"size-medium wp-image-21248 aligncenter\" src=\"https:\/\/portal.mph.cl\/wp-content\/uploads\/2024\/12\/PAZ-GONZALEZ-ZUNIGA.jpg\" alt=\"\" width=\"300\" height=\"300\" srcset=\"https:\/\/portal.mph.cl\/wp-content\/uploads\/2024\/12\/PAZ-GONZALEZ-ZUNIGA.jpg 300w, https:\/\/portal.mph.cl\/wp-content\/uploads\/2024\/12\/PAZ-GONZALEZ-ZUNIGA-150x150.jpg 150w\" sizes=\"(max-width: 300px) 100vw, 300px\" \/><\/p>\n<p style=\"text-align: center;\"><strong>Concejala:\u00a0 \u00a0Paz Gonz\u00e1lez Z\u00fa\u00f1iga.<\/strong><\/p>\n<p style=\"text-align: center;\"><strong>pgonzalez@mph.cl<\/strong><\/p>\n<p>&nbsp;<\/p>\n<p><img loading=\"lazy\" decoding=\"async\" class=\"size-medium wp-image-21247 aligncenter\" src=\"https:\/\/portal.mph.cl\/wp-content\/uploads\/2024\/12\/MARCELA-ALEJANDRA-ROJAS-FLORES.jpg\" alt=\"\" width=\"300\" height=\"300\" srcset=\"https:\/\/portal.mph.cl\/wp-content\/uploads\/2024\/12\/MARCELA-ALEJANDRA-ROJAS-FLORES.jpg 300w, https:\/\/portal.mph.cl\/wp-content\/uploads\/2024\/12\/MARCELA-ALEJANDRA-ROJAS-FLORES-150x150.jpg 150w\" sizes=\"(max-width: 300px) 100vw, 300px\" \/><\/p>\n<p style=\"text-align: center;\"><strong>Concejala:\u00a0 \u00a0Marcela Alejandra Rojas Flores.<\/strong><\/p>\n<p style=\"text-align: center;\"><strong>mrojas@mph.cl<\/strong><\/p>\n<p>&nbsp;<\/p>\n<p><img loading=\"lazy\" decoding=\"async\" class=\"wp-image-16166 size-medium aligncenter\" src=\"https:\/\/portal.mph.cl\/wp-content\/uploads\/2021\/08\/NACHO1-300x300.jpg\" alt=\"\" width=\"300\" height=\"300\" srcset=\"https:\/\/portal.mph.cl\/wp-content\/uploads\/2021\/08\/NACHO1-300x300.jpg 300w, https:\/\/portal.mph.cl\/wp-content\/uploads\/2021\/08\/NACHO1-150x150.jpg 150w, https:\/\/portal.mph.cl\/wp-content\/uploads\/2021\/08\/NACHO1-768x768.jpg 768w, https:\/\/portal.mph.cl\/wp-content\/uploads\/2021\/08\/NACHO1-50x50.jpg 50w, https:\/\/portal.mph.cl\/wp-content\/uploads\/2021\/08\/NACHO1.jpg 1024w\" sizes=\"(max-width: 300px) 100vw, 300px\" \/><\/p>\n<p style=\"text-align: center;\"><strong>Concejal:\u00a0 \u00a0 \u00a0Ignacio Arias D\u00edaz.<\/strong><\/p>\n<p style=\"text-align: center;\"><strong>iarias@mph.cl<\/strong><\/p>\n<p>&nbsp;<\/p>\n<p><img loading=\"lazy\" decoding=\"async\" class=\"size-full wp-image-21246 aligncenter\" src=\"https:\/\/portal.mph.cl\/wp-content\/uploads\/2024\/12\/FRANCISCO-GARRIDO-SANHUEZA.jpg\" alt=\"\" width=\"300\" height=\"300\" srcset=\"https:\/\/portal.mph.cl\/wp-content\/uploads\/2024\/12\/FRANCISCO-GARRIDO-SANHUEZA.jpg 300w, https:\/\/portal.mph.cl\/wp-content\/uploads\/2024\/12\/FRANCISCO-GARRIDO-SANHUEZA-150x150.jpg 150w\" sizes=\"(max-width: 300px) 100vw, 300px\" \/><\/p>\n<p style=\"text-align: center;\"><strong>Concejal:\u00a0 \u00a0Francisco Garrido Sanhueza.<\/strong><\/p>\n<p style=\"text-align: center;\"><strong>fgarrido@mph.cl<\/strong><\/p>\n<p>&nbsp;<\/p>\n<p><img loading=\"lazy\" decoding=\"async\" class=\"size-medium wp-image-21249 aligncenter\" src=\"https:\/\/portal.mph.cl\/wp-content\/uploads\/2024\/12\/DANIELA-EUNICE-DIAZ-SANTIBANEZ.jpg\" alt=\"\" width=\"300\" height=\"300\" srcset=\"https:\/\/portal.mph.cl\/wp-content\/uploads\/2024\/12\/DANIELA-EUNICE-DIAZ-SANTIBANEZ.jpg 300w, https:\/\/portal.mph.cl\/wp-content\/uploads\/2024\/12\/DANIELA-EUNICE-DIAZ-SANTIBANEZ-150x150.jpg 150w\" sizes=\"(max-width: 300px) 100vw, 300px\" \/><\/p>\n<p style=\"text-align: center;\"><strong>Concejala:\u00a0 \u00a0Daniela Eunice D\u00edaz Santib\u00e1\u00f1ez<\/strong><strong>.<\/strong><\/p>\n<p style=\"text-align: center;\"><strong>ddiazs@mph.cl<\/strong><\/p>\n<p>&nbsp;<\/p>\n<p><img loading=\"lazy\" decoding=\"async\" class=\"wp-image-16158 size-medium aligncenter\" src=\"https:\/\/portal.mph.cl\/wp-content\/uploads\/2021\/08\/ROCIO1-300x300.jpg\" alt=\"\" width=\"300\" height=\"300\" srcset=\"https:\/\/portal.mph.cl\/wp-content\/uploads\/2021\/08\/ROCIO1-300x300.jpg 300w, https:\/\/portal.mph.cl\/wp-content\/uploads\/2021\/08\/ROCIO1-150x150.jpg 150w, https:\/\/portal.mph.cl\/wp-content\/uploads\/2021\/08\/ROCIO1-768x768.jpg 768w, https:\/\/portal.mph.cl\/wp-content\/uploads\/2021\/08\/ROCIO1-50x50.jpg 50w, https:\/\/portal.mph.cl\/wp-content\/uploads\/2021\/08\/ROCIO1.jpg 1024w\" sizes=\"(max-width: 300px) 100vw, 300px\" \/><\/p>\n<p style=\"text-align: center;\"><strong>Concejala:\u00a0 \u00a0Roc\u00edo L\u00f3pez C\u00e9spedes.<\/strong><\/p>\n<p style=\"text-align: center;\"><strong>rlopezc@mph.cl<\/strong><\/p>\n<p style=\"text-align: center;\">\n","protected":false},"excerpt":{"rendered":"<p>&nbsp; Secretar\u00eda de Concejalas y Concejales : Camila Osorio Contreras \/ cosorioc@mph.cl \/ Oficina: 224306060 &nbsp; CONCEJALES I. MUNICIPALIDAD DE PADRE HURTADO &nbsp; Concejala:\u00a0 \u00a0Paz Gonz\u00e1lez Z\u00fa\u00f1iga. pgonzalez@mph.cl &nbsp; Concejala:\u00a0 \u00a0Marcela Alejandra Rojas Flores. mrojas@mph.cl &nbsp; Concejal:\u00a0 \u00a0 \u00a0Ignacio Arias D\u00edaz. iarias@mph.cl &nbsp; Concejal:\u00a0 \u00a0Francisco Garrido Sanhueza. fgarrido@mph.cl &nbsp; Concejala:\u00a0 \u00a0Daniela Eunice D\u00edaz Santib\u00e1\u00f1ez. ddiazs@mph.cl<\/p>\n<div class=\"read-more\"><a href=\"https:\/\/portal.mph.cl\/?page_id=53\" title=\"Read More\">Read More<\/a><\/div>\n","protected":false},"author":5,"featured_media":0,"parent":40,"menu_order":0,"comment_status":"open","ping_status":"open","template":"page-blocks.php","meta":{"footnotes":""},"_links":{"self":[{"href":"https:\/\/portal.mph.cl\/index.php?rest_route=\/wp\/v2\/pages\/53"}],"collection":[{"href":"https:\/\/portal.mph.cl\/index.php?rest_route=\/wp\/v2\/pages"}],"about":[{"href":"https:\/\/portal.mph.cl\/index.php?rest_route=\/wp\/v2\/types\/page"}],"author":[{"embeddable":true,"href":"https:\/\/portal.mph.cl\/index.php?rest_route=\/wp\/v2\/users\/5"}],"replies":[{"embeddable":true,"href":"https:\/\/portal.mph.cl\/index.php?rest_route=%2Fwp%2Fv2%2Fcomments&post=53"}],"version-history":[{"count":46,"href":"https:\/\/portal.mph.cl\/index.php?rest_route=\/wp\/v2\/pages\/53\/revisions"}],"predecessor-version":[{"id":21410,"href":"https:\/\/portal.mph.cl\/index.php?rest_route=\/wp\/v2\/pages\/53\/revisions\/21410"}],"up":[{"embeddable":true,"href":"https:\/\/portal.mph.cl\/index.php?rest_route=\/wp\/v2\/pages\/40"}],"wp:attachment":[{"href":"https:\/\/portal.mph.cl\/index.php?rest_route=%2Fwp%2Fv2%2Fmedia&parent=53"}],"curies":[{"name":"wp","href":"https:\/\/api.w.org\/{rel}","templated":true}]}}