{"id":26674,"date":"2026-05-12T17:25:50","date_gmt":"2026-05-12T21:25:50","guid":{"rendered":"https:\/\/portal.mph.cl\/?page_id=26674"},"modified":"2026-05-12T17:34:22","modified_gmt":"2026-05-12T21:34:22","slug":"convocatoria-a-las-elecciones-al-consejo-comunal-de-organizaciones-de-la-sociedad-civil-de-padre-hurtado","status":"publish","type":"page","link":"https:\/\/portal.mph.cl\/?page_id=26674","title":{"rendered":"CONVOCATORIA A LAS ELECCIONES AL CONSEJO COMUNAL DE ORGANIZACIONES DE LA SOCIEDAD CIVIL DE PADRE HURTADO"},"content":{"rendered":"<p style=\"text-align: center;\">\u00ab<strong><span lang=\"ES\">CONVOCATORIA A LAS ELECCIONES AL CONSEJO COMUNAL DE ORGANIZACIONES DE LA SOCIEDAD CIVIL DE PADRE HURTADO\u00bb,<br \/>\n<\/span><\/strong><span lang=\"ES\">para el d\u00eda S\u00e1bado 27 de Junio del a\u00f1o 2026, en dependencias del Centro Cultural.<\/span><\/p>\n<p style=\"text-align: center;\"><a href=\"https:\/\/www.portaltransparencia.cl\/PortalPdT\/directorio-de-organismos-regulados\/?org=MU193&amp;pagina=34511508\" target=\"_blank\" rel=\"noopener\">Juntas de Vecinos<\/a><\/p>\n<p style=\"text-align: center;\"><a href=\"https:\/\/www.portaltransparencia.cl\/PortalPdT\/directorio-de-organismos-regulados\/?org=MU193&amp;pagina=61666352\" target=\"_blank\" rel=\"noopener\">Organizaciones Funcionales<\/a><\/p>\n<div style=\"text-align: center;\"><div class=\"_df_book df-lite\" id=\"df_26679\"  data-title=\"cronograma-de-actividades-cosoc\" _slug=\"26679\" wpoptions=\"true\" thumbtype=\"\" ><\/div><script class=\"df-shortcode-script\" type=\"application\/javascript\">window.option_df_26679 = {\"outline\":[],\"autoEnableOutline\":\"false\",\"autoEnableThumbnail\":\"false\",\"overwritePDFOutline\":\"false\",\"direction\":\"1\",\"pageSize\":\"0\",\"source\":\"https:\\\/\\\/portal.mph.cl\\\/wp-content\\\/uploads\\\/2026\\\/05\\\/cronograma-de-actividades-COSOC.pdf\",\"wpOptions\":\"true\"}; if(window.DFLIP && window.DFLIP.parseBooks){window.DFLIP.parseBooks();}<\/script><\/div>\n<div id=\"dflip-tab-content-lightbox\" class=\"dflip-tab-content dflip-active\" style=\"text-align: center;\"><div class=\"_df_book df-lite\" id=\"df_26682\"  data-title=\"base-fundaciones\" _slug=\"base-fundaciones\" wpoptions=\"true\" thumbtype=\"\" ><\/div><script class=\"df-shortcode-script\" type=\"application\/javascript\">window.option_df_26682 = {\"outline\":[],\"autoEnableOutline\":\"false\",\"autoEnableThumbnail\":\"false\",\"overwritePDFOutline\":\"false\",\"direction\":\"1\",\"pageSize\":\"0\",\"source\":\"https:\\\/\\\/portal.mph.cl\\\/wp-content\\\/uploads\\\/2026\\\/05\\\/base-fundaciones.pdf\",\"wpOptions\":\"true\"}; if(window.DFLIP && window.DFLIP.parseBooks){window.DFLIP.parseBooks();}<\/script><\/div>\n<div style=\"text-align: center;\"><div class=\"_df_book df-lite\" id=\"df_26689\"  data-title=\"decreto-alcaldicio-cosoc\" _slug=\"decreto-alcaldicio-cosoc\" wpoptions=\"true\" thumbtype=\"\" ><\/div><script class=\"df-shortcode-script\" type=\"application\/javascript\">window.option_df_26689 = {\"outline\":[],\"autoEnableOutline\":\"false\",\"autoEnableThumbnail\":\"false\",\"overwritePDFOutline\":\"false\",\"direction\":\"1\",\"pageSize\":\"0\",\"source\":\"https:\\\/\\\/portal.mph.cl\\\/wp-content\\\/uploads\\\/2026\\\/05\\\/Decreto-Alcaldicio.pdf\",\"wpOptions\":\"true\"}; if(window.DFLIP && window.DFLIP.parseBooks){window.DFLIP.parseBooks();}<\/script><\/div>\n<p style=\"text-align: center;\"><span lang=\"ES\">\u00a0<\/span><\/p>\n","protected":false},"excerpt":{"rendered":"<p>\u00abCONVOCATORIA A LAS ELECCIONES AL CONSEJO COMUNAL DE ORGANIZACIONES DE LA SOCIEDAD CIVIL DE PADRE HURTADO\u00bb, para el d\u00eda S\u00e1bado 27 de Junio del a\u00f1o 2026, en dependencias del Centro Cultural. Juntas de Vecinos Organizaciones Funcionales \u00a0<\/p>\n","protected":false},"author":13,"featured_media":0,"parent":0,"menu_order":0,"comment_status":"closed","ping_status":"closed","template":"","meta":{"footnotes":""},"_links":{"self":[{"href":"https:\/\/portal.mph.cl\/index.php?rest_route=\/wp\/v2\/pages\/26674"}],"collection":[{"href":"https:\/\/portal.mph.cl\/index.php?rest_route=\/wp\/v2\/pages"}],"about":[{"href":"https:\/\/portal.mph.cl\/index.php?rest_route=\/wp\/v2\/types\/page"}],"author":[{"embeddable":true,"href":"https:\/\/portal.mph.cl\/index.php?rest_route=\/wp\/v2\/users\/13"}],"replies":[{"embeddable":true,"href":"https:\/\/portal.mph.cl\/index.php?rest_route=%2Fwp%2Fv2%2Fcomments&post=26674"}],"version-history":[{"count":11,"href":"https:\/\/portal.mph.cl\/index.php?rest_route=\/wp\/v2\/pages\/26674\/revisions"}],"predecessor-version":[{"id":26698,"href":"https:\/\/portal.mph.cl\/index.php?rest_route=\/wp\/v2\/pages\/26674\/revisions\/26698"}],"wp:attachment":[{"href":"https:\/\/portal.mph.cl\/index.php?rest_route=%2Fwp%2Fv2%2Fmedia&parent=26674"}],"curies":[{"name":"wp","href":"https:\/\/api.w.org\/{rel}","templated":true}]}}