{"id":16385,"date":"2021-08-30T15:34:55","date_gmt":"2021-08-30T19:34:55","guid":{"rendered":"http:\/\/portal.mph.cl\/?page_id=16385"},"modified":"2026-03-19T12:51:48","modified_gmt":"2026-03-19T16:51:48","slug":"seguridad-social","status":"publish","type":"page","link":"https:\/\/portal.mph.cl\/?page_id=16385","title":{"rendered":"Seguridad P\u00fablica"},"content":{"rendered":"<h2>Seguridad P\u00fablica<\/h2>\n<p><b>DIRECTOR: Leonel Mu\u00f1oz<\/b><\/p>\n<p>Fonos: 1449 \/ 224306045 \/ +569 7878 9366 (WhatsApp)<\/p>\n<h3>Funciones<\/h3>\n<ul>\n<li>Ser el colaborador directo del alcalde en la coordinaci\u00f3n y gesti\u00f3n de las funciones municipales de desarrollo, implementaci\u00f3n, evaluaci\u00f3n, capacitaci\u00f3n y apoyo de acciones de prevenci\u00f3n del delito.<\/li>\n<li>Trabajar coordinadamente con el alcalde en la elaboraci\u00f3n, aprobaci\u00f3n, ejecuci\u00f3n y evaluaci\u00f3n del plan comunal de seguridad p\u00fablica.<\/li>\n<li>Asesorar al alcalde en materias de seguridad, proponi\u00e9ndole nuevos programas y estrategias al referido plan para aumentar y mejorar la percepci\u00f3n de seguridad de los habitantes de la comuna.<\/li>\n<li>Mantener un continuo acercamiento con los vecinos, dando a conocer el servicio que se presta, como asimismo incentivando a la comunidad en las materias de seguridad ciudadana.<\/li>\n<li>Cooperar con las otras direcciones y departamentos del municipio en los problemas y transgresiones a ordenanzas municipales que pueda detectar, inform\u00e1ndolas para ser resueltas por las unidades competentes o denunciarlas si corresponde.<\/li>\n<\/ul>\n","protected":false},"excerpt":{"rendered":"<p>Seguridad P\u00fablica DIRECTOR: Leonel Mu\u00f1oz Fonos: 1449 \/ 224306045 \/ +569 7878 9366 (WhatsApp) Funciones Ser el colaborador directo del alcalde en la coordinaci\u00f3n y gesti\u00f3n de las funciones municipales de desarrollo, implementaci\u00f3n, evaluaci\u00f3n, capacitaci\u00f3n y apoyo de acciones de prevenci\u00f3n del delito. Trabajar coordinadamente con el alcalde en la elaboraci\u00f3n, aprobaci\u00f3n, ejecuci\u00f3n y evaluaci\u00f3n<\/p>\n<div class=\"read-more\"><a href=\"https:\/\/portal.mph.cl\/?page_id=16385\" title=\"Read More\">Read More<\/a><\/div>\n","protected":false},"author":7,"featured_media":0,"parent":0,"menu_order":0,"comment_status":"closed","ping_status":"closed","template":"","meta":{"footnotes":""},"_links":{"self":[{"href":"https:\/\/portal.mph.cl\/index.php?rest_route=\/wp\/v2\/pages\/16385"}],"collection":[{"href":"https:\/\/portal.mph.cl\/index.php?rest_route=\/wp\/v2\/pages"}],"about":[{"href":"https:\/\/portal.mph.cl\/index.php?rest_route=\/wp\/v2\/types\/page"}],"author":[{"embeddable":true,"href":"https:\/\/portal.mph.cl\/index.php?rest_route=\/wp\/v2\/users\/7"}],"replies":[{"embeddable":true,"href":"https:\/\/portal.mph.cl\/index.php?rest_route=%2Fwp%2Fv2%2Fcomments&post=16385"}],"version-history":[{"count":7,"href":"https:\/\/portal.mph.cl\/index.php?rest_route=\/wp\/v2\/pages\/16385\/revisions"}],"predecessor-version":[{"id":22238,"href":"https:\/\/portal.mph.cl\/index.php?rest_route=\/wp\/v2\/pages\/16385\/revisions\/22238"}],"wp:attachment":[{"href":"https:\/\/portal.mph.cl\/index.php?rest_route=%2Fwp%2Fv2%2Fmedia&parent=16385"}],"curies":[{"name":"wp","href":"https:\/\/api.w.org\/{rel}","templated":true}]}}