{"id":10547,"date":"2015-06-10T07:16:30","date_gmt":"2015-06-10T07:16:30","guid":{"rendered":"http:\/\/portal.mph.cl\/?page_id=10547"},"modified":"2025-03-24T08:12:46","modified_gmt":"2025-03-24T12:12:46","slug":"planificacion-estrategica","status":"publish","type":"page","link":"https:\/\/portal.mph.cl\/?page_id=10547","title":{"rendered":"ACTUALIZACI\u00d3N DE PLAN REGULADOR COMUNAL &#8211; PADRE HURTADO"},"content":{"rendered":"\t\t<div data-elementor-type=\"wp-page\" data-elementor-id=\"10547\" class=\"elementor elementor-10547\">\n\t\t\t\t\t\t<div class=\"elementor-inner\">\n\t\t\t\t<div class=\"elementor-section-wrap\">\n\t\t\t\t\t\t\t\t\t<section class=\"elementor-section elementor-top-section elementor-element elementor-element-d440b6c elementor-section-boxed elementor-section-height-default elementor-section-height-default\" data-id=\"d440b6c\" data-element_type=\"section\">\n\t\t\t\t\t\t<div class=\"elementor-container elementor-column-gap-default\">\n\t\t\t\t\t\t\t<div class=\"elementor-row\">\n\t\t\t\t\t<div class=\"elementor-column elementor-col-100 elementor-top-column elementor-element elementor-element-d70f2a6\" data-id=\"d70f2a6\" data-element_type=\"column\">\n\t\t\t<div class=\"elementor-column-wrap elementor-element-populated\">\n\t\t\t\t\t\t\t<div class=\"elementor-widget-wrap\">\n\t\t\t\t\t\t<div class=\"elementor-element elementor-element-58fea7a elementor-widget elementor-widget-text-editor\" data-id=\"58fea7a\" data-element_type=\"widget\" data-widget_type=\"text-editor.default\">\n\t\t\t\t<div class=\"elementor-widget-container\">\n\t\t\t\t\t\t\t\t<div class=\"elementor-text-editor elementor-clearfix\">\n\t\t\t\t<p class=\"has-text-color has-secondary-font-family\">Entre 15 de octubre de 2024 y el 13 de noviembre de 2024 se llev\u00f3 a cabo la Consulta P\u00fablica de la\u00a0propuesta de la Imagen Objetivo del desarrollo urbano de la comuna de Padre Hurtado.<\/p><p class=\"has-text-color has-secondary-font-family\">Durante este proceso, se realiz\u00f3 una exposici\u00f3n p\u00fablica del Resumen Ejecutivo de la Imagen Objetivo y sus planos en el Edificio Consistorial y de manera digital en el sitio web de la Municipalidad de Padre Hurtado, acompa\u00f1adas de dos Audiencias P\u00fablicas.\u00a0<\/p><p class=\"has-text-color has-secondary-font-family\">En el per\u00edodo de consulta se recibieron 25 escritos con observaciones a la propuesta de Imagen Objetivo, las cuales\u00a0se consignan en el\u00a0Informe de\u00a0Sistematizaci\u00f3n y Revisi\u00f3n de Observaciones, con la s\u00edntesis de cada una de ellas.<\/p><p class=\"has-text-color has-secondary-font-family\">En concordancia con lo dispuesto en el art\u00edculo 28 octies de la Ley General de Urbanismo y\u00a0Construcciones, el Concejo Municipal revis\u00f3 las observaciones, adoptando acuerdos de aceptaci\u00f3n\u00a0o rechazo sobre cada una de ellas, y concluy\u00f3 el proceso aprobando los T\u00e9rminos o lineamientos bajo los cuales se proceder\u00e1 a elaborar el\u00a0anteproyecto del Plan Regulador Comunal de Padre Hurtado.<\/p><p class=\"has-text-color has-secondary-font-family\">A continuaci\u00f3n, le invitamos a conocer los resultados del proceso de consulta p\u00fablica de la Imagen\u00a0Objetivo contenidos en los siguientes documentos:\u00a0 \u00a0 \u00a0 \u00a0\u00a0<\/p>\t\t\t\t\t<\/div>\n\t\t\t\t\t\t<\/div>\n\t\t\t\t<\/div>\n\t\t\t\t<div class=\"elementor-element elementor-element-a93dc8c elementor-widget elementor-widget-html\" data-id=\"a93dc8c\" data-element_type=\"widget\" data-widget_type=\"html.default\">\n\t\t\t\t<div class=\"elementor-widget-container\">\n\t\t\t<i aria-hidden=\"true\" class=\"fa fa-file\" style=\"color: #2379A7; font-size: 20px\"><\/i>\n<a href=\"#\" onclick=\"openMapImage5()\"\nonMouseOver=\"this.style.color='#104059'\"\nonMouseOut=\"this.style.color='#2379A7'\"\nstyle=\"color: #2379A7;  margin-left: 7px;font-size: 20px\"\n    >Proceso de exposici\u00f3n p\u00fablica de la imagen objetivo: Informe de sistematizaci\u00f3n y revisi\u00f3n de observaciones.<\/a>\n\n<script>\n    function openMapImage5(){\n        window.open('https:\/\/portal.mph.cl\/wp-content\/uploads\/2025\/03\/091_PRC_P_HURTADO_INF_REVISION-OBSERVACIONES_INF5_ED1_2024_12_13_s.pdf','_blank');\n    }\n<\/script>\t\t<\/div>\n\t\t\t\t<\/div>\n\t\t\t\t<div class=\"elementor-element elementor-element-972873b elementor-widget elementor-widget-html\" data-id=\"972873b\" data-element_type=\"widget\" data-widget_type=\"html.default\">\n\t\t\t\t<div class=\"elementor-widget-container\">\n\t\t\t<i aria-hidden=\"true\" class=\"fa fa-file\" style=\"color: #2379A7; font-size: 20px\"><\/i>\n<a href=\"#\" onclick=\"openMapImage()\"\nonMouseOver=\"this.style.color='#104059'\"\nonMouseOut=\"this.style.color='#2379A7'\"\nstyle=\"color: #2379A7;  margin-left: 7px;font-size: 20px\"\n    >Resumen de sistematizaci\u00f3n y revisi\u00f3n de observaciones del proceso de exposici\u00f3n p\u00fablica de la imagen objetivo.<\/a>\n\n<script>\n    function openMapImage(){\n        window.open('https:\/\/portal.mph.cl\/wp-content\/uploads\/2025\/03\/Resumen-Observaciones-y-Acuerdos.pdf','_blank');\n    }\n<\/script>\t\t<\/div>\n\t\t\t\t<\/div>\n\t\t\t\t<div class=\"elementor-element elementor-element-c74a081 elementor-widget elementor-widget-html\" data-id=\"c74a081\" data-element_type=\"widget\" data-widget_type=\"html.default\">\n\t\t\t\t<div class=\"elementor-widget-container\">\n\t\t\t<i aria-hidden=\"true\" class=\"fa fa-file\" style=\"color: #2379A7; font-size: 20px\"><\/i>\n<a href=\"#\" onclick=\"openMapImage1()\"\nonMouseOver=\"this.style.color='#104059'\"\nonMouseOut=\"this.style.color='#2379A7'\"\nstyle=\"color: #2379A7;  margin-left: 7px;font-size: 20px\"\n    >Memor\u00e1ndum Secretar\u00eda Municipal N\u00b008 de fecha 08 enero 2025; Acuerdo N\u00b030 de sesi\u00f3n extraordinaria N\u00b002 del a\u00f1o 2025, que aprueba los T\u00e9rminos en que se proceder\u00e1 a elaborar el anteproyecto del Plan Regulador Comunal de Padre Hurtado.<\/a>\n\n<script>\n    function openMapImage1(){\n        window.open('https:\/\/portal.mph.cl\/wp-content\/uploads\/2025\/03\/Acuerdo-N\u00b08-aprueba-terminos-de-elaboracion-del-PRC.pdf','_blank');\n    }\n<\/script>\t\t<\/div>\n\t\t\t\t<\/div>\n\t\t\t\t<div class=\"elementor-element elementor-element-f2da274 elementor-widget elementor-widget-html\" data-id=\"f2da274\" data-element_type=\"widget\" data-widget_type=\"html.default\">\n\t\t\t\t<div class=\"elementor-widget-container\">\n\t\t\t<i aria-hidden=\"true\" class=\"fa fa-file\" style=\"color: #2379A7; font-size: 20px\"><\/i>\n<a href=\"#\" onclick=\"openMapImage2()\"\nonMouseOver=\"this.style.color='#104059'\"\nonMouseOut=\"this.style.color='#2379A7'\"\nstyle=\"color: #2379A7;  margin-left: 7px;font-size: 20px\"\n    >Memor\u00e1ndum Secretar\u00eda Municipal N\u00b045 de fecha 05 marzo 2025; Acuerdo N\u00b054 al N\u00b083 de sesi\u00f3n ordinaria N\u00b007 del a\u00f1o 2025, que aceptan\/rechazan las observaciones recibidas en el proceso de consulta p\u00fablica.<\/a>\n\n<script>\n    function openMapImage2(){\n        window.open('https:\/\/portal.mph.cl\/wp-content\/uploads\/2025\/03\/MEMO-SECMUN-45-VOTACION-OBSERVACIONES-PRC.pdf','_blank');\n    }\n<\/script>\t\t<\/div>\n\t\t\t\t<\/div>\n\t\t\t\t<div class=\"elementor-element elementor-element-a139b6a elementor-widget elementor-widget-html\" data-id=\"a139b6a\" data-element_type=\"widget\" data-widget_type=\"html.default\">\n\t\t\t\t<div class=\"elementor-widget-container\">\n\t\t\t<i aria-hidden=\"true\" class=\"fa fa-file\" style=\"color: #2379A7; font-size: 20px\"><\/i>\n<a href=\"#\" onclick=\"openMapImage3()\"\nonMouseOver=\"this.style.color='#104059'\"\nonMouseOut=\"this.style.color='#2379A7'\"\nstyle=\"color: #2379A7;  margin-left: 7px;font-size: 20px\"\n    >Memor\u00e1ndum Secretar\u00eda Municipal N\u00b049 de fecha 11 marzo 2025; Acuerdo N\u00b084 de sesi\u00f3n ordinaria N\u00b008 del a\u00f1o 2025, que rechaza observaci\u00f3n N\u00b09.<\/a>\n\n<script>\n    function openMapImage3(){\n        window.open('https:\/\/portal.mph.cl\/wp-content\/uploads\/2025\/03\/Acuerdo-N\u00b084-PRC-Rechaza-observacion-N\u00b09.pdf','_blank');\n    }\n<\/script>\t\t<\/div>\n\t\t\t\t<\/div>\n\t\t\t\t<div class=\"elementor-element elementor-element-4b96ee8 elementor-widget elementor-widget-text-editor\" data-id=\"4b96ee8\" data-element_type=\"widget\" data-widget_type=\"text-editor.default\">\n\t\t\t\t<div class=\"elementor-widget-container\">\n\t\t\t\t\t\t\t\t<div class=\"elementor-text-editor elementor-clearfix\">\n\t\t\t\t<h1>Plano N\u00b03 &#8211; Alternativa de Estructuraci\u00f3n Urbana C<\/h1>\t\t\t\t\t<\/div>\n\t\t\t\t\t\t<\/div>\n\t\t\t\t<\/div>\n\t\t\t\t<div class=\"elementor-element elementor-element-c1d595d elementor-widget elementor-widget-image\" data-id=\"c1d595d\" data-element_type=\"widget\" data-widget_type=\"image.default\">\n\t\t\t\t<div class=\"elementor-widget-container\">\n\t\t\t\t\t\t\t\t<div class=\"elementor-image\">\n\t\t\t\t\t\t\t\t\t\t\t\t<img loading=\"lazy\" decoding=\"async\" width=\"702\" height=\"450\" src=\"https:\/\/portal.mph.cl\/wp-content\/uploads\/2024\/10\/PRC_P_HURTADO_RESUMEN-EJECUTIVO-IO_Plano_Alternativa-C_2024_07_25_s-1024x657.jpg\" class=\"attachment-large size-large\" alt=\"\" srcset=\"https:\/\/portal.mph.cl\/wp-content\/uploads\/2024\/10\/PRC_P_HURTADO_RESUMEN-EJECUTIVO-IO_Plano_Alternativa-C_2024_07_25_s-1024x657.jpg 1024w, https:\/\/portal.mph.cl\/wp-content\/uploads\/2024\/10\/PRC_P_HURTADO_RESUMEN-EJECUTIVO-IO_Plano_Alternativa-C_2024_07_25_s-300x193.jpg 300w, https:\/\/portal.mph.cl\/wp-content\/uploads\/2024\/10\/PRC_P_HURTADO_RESUMEN-EJECUTIVO-IO_Plano_Alternativa-C_2024_07_25_s-768x493.jpg 768w, https:\/\/portal.mph.cl\/wp-content\/uploads\/2024\/10\/PRC_P_HURTADO_RESUMEN-EJECUTIVO-IO_Plano_Alternativa-C_2024_07_25_s-1536x986.jpg 1536w, https:\/\/portal.mph.cl\/wp-content\/uploads\/2024\/10\/PRC_P_HURTADO_RESUMEN-EJECUTIVO-IO_Plano_Alternativa-C_2024_07_25_s.jpg 1588w\" sizes=\"(max-width: 702px) 100vw, 702px\" \/>\t\t\t\t\t\t\t\t\t\t\t\t\t\t<\/div>\n\t\t\t\t\t\t<\/div>\n\t\t\t\t<\/div>\n\t\t\t\t<div class=\"elementor-element elementor-element-ba9211c elementor-widget elementor-widget-html\" data-id=\"ba9211c\" data-element_type=\"widget\" data-widget_type=\"html.default\">\n\t\t\t\t<div class=\"elementor-widget-container\">\n\t\t\t<i aria-hidden=\"true\" class=\"fa fa-image\" style=\"color: #FF8527; font-size: 16px\"><\/i>\n<a href=\"#\" onclick=\"openMapImage4()\"\nonMouseOver=\"this.style.color='#104059'\"\nonMouseOut=\"this.style.color='#2379A7'\"\nstyle=\"color: #2379A7;  margin-left: 7px;\"\n    >Ver la imagen en tama\u00f1o completo<\/a>\n\n<script>\n    function openMapImage4(){\n        window.open('https:\/\/portal.mph.cl\/wp-content\/uploads\/2024\/10\/PRC_P_HURTADO_RESUMEN-EJECUTIVO-IO_Plano_Alternativa-C_2024_07_25_s.pdf','_blank');\n    }\n<\/script>\t\t<\/div>\n\t\t\t\t<\/div>\n\t\t\t\t\t\t<\/div>\n\t\t\t\t\t<\/div>\n\t\t<\/div>\n\t\t\t\t\t\t\t\t<\/div>\n\t\t\t\t\t<\/div>\n\t\t<\/section>\n\t\t\t\t\t\t\t\t\t<\/div>\n\t\t\t<\/div>\n\t\t\t\t\t<\/div>\n\t\t","protected":false},"excerpt":{"rendered":"<p>Entre 15 de octubre de 2024 y el 13 de noviembre de 2024 se llev\u00f3 a cabo la Consulta P\u00fablica de la\u00a0propuesta de la Imagen Objetivo del desarrollo urbano de la comuna de Padre Hurtado. Durante este proceso, se realiz\u00f3 una exposici\u00f3n p\u00fablica del Resumen Ejecutivo de la Imagen Objetivo y sus planos en el<\/p>\n<div class=\"read-more\"><a href=\"https:\/\/portal.mph.cl\/?page_id=10547\" title=\"Read More\">Read More<\/a><\/div>\n","protected":false},"author":5,"featured_media":0,"parent":0,"menu_order":0,"comment_status":"closed","ping_status":"closed","template":"page-blocks.php","meta":{"footnotes":""},"_links":{"self":[{"href":"https:\/\/portal.mph.cl\/index.php?rest_route=\/wp\/v2\/pages\/10547"}],"collection":[{"href":"https:\/\/portal.mph.cl\/index.php?rest_route=\/wp\/v2\/pages"}],"about":[{"href":"https:\/\/portal.mph.cl\/index.php?rest_route=\/wp\/v2\/types\/page"}],"author":[{"embeddable":true,"href":"https:\/\/portal.mph.cl\/index.php?rest_route=\/wp\/v2\/users\/5"}],"replies":[{"embeddable":true,"href":"https:\/\/portal.mph.cl\/index.php?rest_route=%2Fwp%2Fv2%2Fcomments&post=10547"}],"version-history":[{"count":41,"href":"https:\/\/portal.mph.cl\/index.php?rest_route=\/wp\/v2\/pages\/10547\/revisions"}],"predecessor-version":[{"id":21613,"href":"https:\/\/portal.mph.cl\/index.php?rest_route=\/wp\/v2\/pages\/10547\/revisions\/21613"}],"wp:attachment":[{"href":"https:\/\/portal.mph.cl\/index.php?rest_route=%2Fwp%2Fv2%2Fmedia&parent=10547"}],"curies":[{"name":"wp","href":"https:\/\/api.w.org\/{rel}","templated":true}]}}