{"id":10542,"date":"2015-06-10T07:13:19","date_gmt":"2015-06-10T07:13:19","guid":{"rendered":"http:\/\/portal.mph.cl\/?page_id=10542"},"modified":"2016-05-25T10:50:00","modified_gmt":"2016-05-25T13:50:00","slug":"turismo","status":"publish","type":"page","link":"https:\/\/portal.mph.cl\/?page_id=10542","title":{"rendered":"Turismo"},"content":{"rendered":"<p><strong>Objetivos:<\/strong><\/p>\n<p>Propender al desarrollo tur\u00edstico de la Comuna de Padre Hurtado, potenci\u00e1ndola como destino tur\u00edstico, fortaleciendo el desarrollo territorial, atrayendo diversos negocios y oportunidades asociadas a esta instancia.<\/p>\n<p>Promover la recreaci\u00f3n y el buen uso del tiempo libre que permita disfrutar a los vecinos de la comuna de actividades tur\u00edsticas locales as\u00ed como dentro y fuera de la Regi\u00f3n Metropolitana y del pa\u00eds.<\/p>\n<p><strong>Servicios de la Oficina de Turismo:<\/strong><\/p>\n<ul>\n<li>Cupos Sociales de Vacaciones Tercera Edad del SERNATUR.<\/li>\n<li>Viajes Full Day.<\/li>\n<li>Viajes Larga Distancia.<\/li>\n<li>Salidas recreativas\u00a0para la Familia.<\/li>\n<li>Tour Por Padre Hurtado.<\/li>\n<li>Apoyo en la coordiancion de viajes para programas y organizaciones comunales.<\/li>\n<li>Apoyo en participaci\u00f3n\u00a0en\u00a0Ferias con caracter Turistico.<\/li>\n<li>Postulaciones\u00a0para Feria Costumbrista de Padre Hurtado.<\/li>\n<li>Asesoria en la Postulaci\u00f3n de Proyectos para Artesanos y Empresarios Tur\u00edsticos.<\/li>\n<\/ul>\n<p>Coordinar atenci\u00f3n en Oficina o en terreno, v\u00eda telef\u00f3nica o correo electr\u00f3nico.<\/p>\n<p><strong>Encargada: Ver\u00f3nica Mart\u00ednez<br \/>\n<\/strong><\/p>\n<p>Programas Sociales.<\/p>\n<p>Camino San Alberto Hurtado 3295,\u00a0 Tel\u00e9fono +562 2 430 6098.<\/p>\n<p>vmartinez@mph.cl<\/p>\n<p><strong><a title=\"Como Llegar\" href=\"http:\/\/www.mph.cl\/portal1\/?page_id=492\">Como Llegar<\/a><\/strong><\/p>\n<p><strong><a title=\"Lugares de Inter\u00e9s\" href=\"http:\/\/www.mph.cl\/portal1\/?page_id=490\">Lugares de Inter\u00e9s<\/a><\/strong><\/p>\n<p><strong><a href=\"http:\/\/www.mph.cl\/portal1\/?page_id=494\">Actividades<\/a><\/strong><\/p>\n","protected":false},"excerpt":{"rendered":"<p>Objetivos: Propender al desarrollo tur\u00edstico de la Comuna de Padre Hurtado, potenci\u00e1ndola como destino tur\u00edstico, fortaleciendo el desarrollo territorial, atrayendo diversos negocios y oportunidades asociadas a esta instancia. Promover la recreaci\u00f3n y el buen uso del tiempo libre que permita disfrutar a los vecinos de la comuna de actividades tur\u00edsticas locales as\u00ed como dentro y<\/p>\n<div class=\"read-more\"><a href=\"https:\/\/portal.mph.cl\/?page_id=10542\" title=\"Read More\">Read More<\/a><\/div>\n","protected":false},"author":5,"featured_media":0,"parent":0,"menu_order":0,"comment_status":"open","ping_status":"open","template":"","meta":{"footnotes":""},"_links":{"self":[{"href":"https:\/\/portal.mph.cl\/index.php?rest_route=\/wp\/v2\/pages\/10542"}],"collection":[{"href":"https:\/\/portal.mph.cl\/index.php?rest_route=\/wp\/v2\/pages"}],"about":[{"href":"https:\/\/portal.mph.cl\/index.php?rest_route=\/wp\/v2\/types\/page"}],"author":[{"embeddable":true,"href":"https:\/\/portal.mph.cl\/index.php?rest_route=\/wp\/v2\/users\/5"}],"replies":[{"embeddable":true,"href":"https:\/\/portal.mph.cl\/index.php?rest_route=%2Fwp%2Fv2%2Fcomments&post=10542"}],"version-history":[{"count":4,"href":"https:\/\/portal.mph.cl\/index.php?rest_route=\/wp\/v2\/pages\/10542\/revisions"}],"predecessor-version":[{"id":11915,"href":"https:\/\/portal.mph.cl\/index.php?rest_route=\/wp\/v2\/pages\/10542\/revisions\/11915"}],"wp:attachment":[{"href":"https:\/\/portal.mph.cl\/index.php?rest_route=%2Fwp%2Fv2%2Fmedia&parent=10542"}],"curies":[{"name":"wp","href":"https:\/\/api.w.org\/{rel}","templated":true}]}}