{"id":10500,"date":"2015-06-10T03:31:42","date_gmt":"2015-06-10T03:31:42","guid":{"rendered":"http:\/\/portal.mph.cl\/?page_id=10500"},"modified":"2023-02-14T16:41:46","modified_gmt":"2023-02-14T20:41:46","slug":"administracion-municipal","status":"publish","type":"page","link":"https:\/\/portal.mph.cl\/?page_id=10500","title":{"rendered":"Administraci\u00f3n Municipal"},"content":{"rendered":"<h3>Administrador Municipal:<\/h3>\n<h4><strong>Leonardo Far\u00edas Canales.<\/strong><\/h4>\n<p>fono: 224306002<\/p>\n<h3>OBJETIVO.<\/h3>\n<p>Colaborar directamente con el Alcalde en las tareas de coordinaci\u00f3n y gesti\u00f3n permanente del municipio.<\/p>\n<p>Elaboraci\u00f3n y seguimiento del plan anual de acci\u00f3n municipal, tambi\u00e9n\u00a0 ejerce las atribuciones que se\u00f1ala el Reglamento Municipal y las que le delegue el Alcalde, siempre que est\u00e9n vinculados con la naturaleza de su cargo.<\/p>\n<h3>FUNCIONES GENERALES.<\/h3>\n<ul>\n<li>Ejecutar tareas de coordinaci\u00f3n de todas las Unidades Municipales.<\/li>\n<li>Estudiar en forma permanente la organizaci\u00f3n y funcionamiento de la Municipalidad.<\/li>\n<li>Proponer de acuerdo con los principios y t\u00e9cnicas de la administraci\u00f3n, las medidas adecuadas con el prop\u00f3sito de lograr la m\u00e1xima eficiencia.<\/li>\n<li>Ejercer las atribuciones que le delegue el Alcalde.<\/li>\n<\/ul>\n[\/column]\n[\/columns]\n","protected":false},"excerpt":{"rendered":"<p>Administrador Municipal: Leonardo Far\u00edas Canales. fono: 224306002 OBJETIVO. Colaborar directamente con el Alcalde en las tareas de coordinaci\u00f3n y gesti\u00f3n permanente del municipio. Elaboraci\u00f3n y seguimiento del plan anual de acci\u00f3n municipal, tambi\u00e9n\u00a0 ejerce las atribuciones que se\u00f1ala el Reglamento Municipal y las que le delegue el Alcalde, siempre que est\u00e9n vinculados con la naturaleza<\/p>\n<div class=\"read-more\"><a href=\"https:\/\/portal.mph.cl\/?page_id=10500\" title=\"Read More\">Read More<\/a><\/div>\n","protected":false},"author":5,"featured_media":0,"parent":0,"menu_order":0,"comment_status":"open","ping_status":"open","template":"","meta":{"footnotes":""},"_links":{"self":[{"href":"https:\/\/portal.mph.cl\/index.php?rest_route=\/wp\/v2\/pages\/10500"}],"collection":[{"href":"https:\/\/portal.mph.cl\/index.php?rest_route=\/wp\/v2\/pages"}],"about":[{"href":"https:\/\/portal.mph.cl\/index.php?rest_route=\/wp\/v2\/types\/page"}],"author":[{"embeddable":true,"href":"https:\/\/portal.mph.cl\/index.php?rest_route=\/wp\/v2\/users\/5"}],"replies":[{"embeddable":true,"href":"https:\/\/portal.mph.cl\/index.php?rest_route=%2Fwp%2Fv2%2Fcomments&post=10500"}],"version-history":[{"count":21,"href":"https:\/\/portal.mph.cl\/index.php?rest_route=\/wp\/v2\/pages\/10500\/revisions"}],"predecessor-version":[{"id":18893,"href":"https:\/\/portal.mph.cl\/index.php?rest_route=\/wp\/v2\/pages\/10500\/revisions\/18893"}],"wp:attachment":[{"href":"https:\/\/portal.mph.cl\/index.php?rest_route=%2Fwp%2Fv2%2Fmedia&parent=10500"}],"curies":[{"name":"wp","href":"https:\/\/api.w.org\/{rel}","templated":true}]}}